{"id":37,"date":"2025-09-24T10:28:03","date_gmt":"2025-09-24T10:28:03","guid":{"rendered":"http:\/\/goraliatrails.cz\/?page_id=37"},"modified":"2025-12-18T09:42:24","modified_gmt":"2025-12-18T09:42:24","slug":"37-2","status":"publish","type":"page","link":"https:\/\/goraliatrails.cz\/?page_id=37","title":{"rendered":"O n\u00e1s"},"content":{"rendered":"<p class=\"wp-block-site-tagline\">I stezka m\u016f\u017ee b\u00fdt c\u00edl &#8230;<\/p>\n\n<p>Web je moment\u00e1ln\u011b ve v\u00fdstavb\u011b stejn\u011b jako stezky pro V\u00e1s, ale v\u0161echno chce \u010das, pros\u00edme proto o strpen\u00ed.<\/p>\n","protected":false},"excerpt":{"rendered":"<p>Web je moment\u00e1ln\u011b ve v\u00fdstavb\u011b stejn\u011b jako stezky pro V\u00e1s, ale v\u0161echno chce \u010das, pros\u00edme proto o strpen\u00ed.<\/p>\n","protected":false},"author":1,"featured_media":0,"parent":0,"menu_order":0,"comment_status":"closed","ping_status":"closed","template":"page-no-title","meta":{"site-sidebar-layout":"default","site-content-layout":"","ast-site-content-layout":"default","site-content-style":"default","site-sidebar-style":"default","ast-global-header-display":"","ast-banner-title-visibility":"","ast-main-header-display":"","ast-hfb-above-header-display":"","ast-hfb-below-header-display":"","ast-hfb-mobile-header-display":"","site-post-title":"","ast-breadcrumbs-content":"","ast-featured-img":"","footer-sml-layout":"","ast-disable-related-posts":"","theme-transparent-header-meta":"","adv-header-id-meta":"","stick-header-meta":"","header-above-stick-meta":"","header-main-stick-meta":"","header-below-stick-meta":"","astra-migrate-meta-layouts":"default","ast-page-background-enabled":"default","ast-page-background-meta":{"desktop":{"background-color":"var(--ast-global-color-5)","background-image":"","background-repeat":"repeat","background-position":"center center","background-size":"auto","background-attachment":"scroll","background-type":"","background-media":"","overlay-type":"","overlay-color":"","overlay-opacity":"","overlay-gradient":""},"tablet":{"background-color":"","background-image":"","background-repeat":"repeat","background-position":"center center","background-size":"auto","background-attachment":"scroll","background-type":"","background-media":"","overlay-type":"","overlay-color":"","overlay-opacity":"","overlay-gradient":""},"mobile":{"background-color":"","background-image":"","background-repeat":"repeat","background-position":"center center","background-size":"auto","background-attachment":"scroll","background-type":"","background-media":"","overlay-type":"","overlay-color":"","overlay-opacity":"","overlay-gradient":""}},"ast-content-background-meta":{"desktop":{"background-color":"var(--ast-global-color-4)","background-image":"","background-repeat":"repeat","background-position":"center center","background-size":"auto","background-attachment":"scroll","background-type":"","background-media":"","overlay-type":"","overlay-color":"","overlay-opacity":"","overlay-gradient":""},"tablet":{"background-color":"var(--ast-global-color-4)","background-image":"","background-repeat":"repeat","background-position":"center center","background-size":"auto","background-attachment":"scroll","background-type":"","background-media":"","overlay-type":"","overlay-color":"","overlay-opacity":"","overlay-gradient":""},"mobile":{"background-color":"var(--ast-global-color-4)","background-image":"","background-repeat":"repeat","background-position":"center center","background-size":"auto","background-attachment":"scroll","background-type":"","background-media":"","overlay-type":"","overlay-color":"","overlay-opacity":"","overlay-gradient":""}},"footnotes":""},"class_list":["post-37","page","type-page","status-publish","hentry"],"_links":{"self":[{"href":"https:\/\/goraliatrails.cz\/index.php?rest_route=\/wp\/v2\/pages\/37","targetHints":{"allow":["GET"]}}],"collection":[{"href":"https:\/\/goraliatrails.cz\/index.php?rest_route=\/wp\/v2\/pages"}],"about":[{"href":"https:\/\/goraliatrails.cz\/index.php?rest_route=\/wp\/v2\/types\/page"}],"author":[{"embeddable":true,"href":"https:\/\/goraliatrails.cz\/index.php?rest_route=\/wp\/v2\/users\/1"}],"replies":[{"embeddable":true,"href":"https:\/\/goraliatrails.cz\/index.php?rest_route=%2Fwp%2Fv2%2Fcomments&post=37"}],"version-history":[{"count":26,"href":"https:\/\/goraliatrails.cz\/index.php?rest_route=\/wp\/v2\/pages\/37\/revisions"}],"predecessor-version":[{"id":102,"href":"https:\/\/goraliatrails.cz\/index.php?rest_route=\/wp\/v2\/pages\/37\/revisions\/102"}],"wp:attachment":[{"href":"https:\/\/goraliatrails.cz\/index.php?rest_route=%2Fwp%2Fv2%2Fmedia&parent=37"}],"curies":[{"name":"wp","href":"https:\/\/api.w.org\/{rel}","templated":true}]}}